{"id":221,"date":"2022-08-11T08:21:27","date_gmt":"2022-08-11T08:21:27","guid":{"rendered":"https:\/\/aymirturizm.com.tr\/?page_id=221"},"modified":"2022-08-11T08:26:45","modified_gmt":"2022-08-11T08:26:45","slug":"hizmetlerimiz","status":"publish","type":"page","link":"https:\/\/aymirturizm.com.tr\/en\/hizmetlerimiz\/","title":{"rendered":"Our services"},"content":{"rendered":"<div data-elementor-type=\"wp-page\" data-elementor-id=\"221\" class=\"elementor elementor-221\">\n\t\t\t\t\t\t\t\t\t<section class=\"elementor-section elementor-top-section elementor-element elementor-element-b2246ab tm-column-break-ipad-no tm-col-stretched-none elementor-section-boxed elementor-section-height-default elementor-section-height-default\" data-id=\"b2246ab\" data-element_type=\"section\">\n\t\t\t\t\t\t<div class=\"elementor-container elementor-column-gap-default\">\n\t\t\t\t\t<div class=\"elementor-column elementor-col-100 elementor-top-column elementor-element elementor-element-f0616e9\" data-id=\"f0616e9\" data-element_type=\"column\">\n\t\t\t<div class=\"elementor-widget-wrap elementor-element-populated\">\n\t\t\t\t\t\t\t\t<div class=\"elementor-element elementor-element-21e3595 tm-align-center elementor-widget elementor-widget-tm_service_element\" data-id=\"21e3595\" data-element_type=\"widget\" data-widget_type=\"tm_service_element.default\">\n\t\t\t\t<div class=\"elementor-widget-container\">\n\t\t\t\n\t\t<div class=\"themetechmount-boxes themetechmount-boxes-service themetechmount-element-servicebox-stylesix themetechmount-boxes-view-default themetechmount-boxes-col-three themetechmount-boxes-gap-30px\" data-tm-show=\"10\" data-tm-loop=\"1\" data-tm-autoplay=\"0\" data-tm-centermode=\"0\" data-tm-nav=\"\" data-tm-dots=\"\" data-tm-slidestoscroll=\"\" data-tm-autoplayspeed=\"4500\" data-tm-margin=\"30px\"><div class=\"themetechmount-boxes-inner\">\n\t\t\n\t\t\t<div class=\"themetechmount-box-heading-wrapper\">\n\t\t\t\t<div class=\"tm-element-heading-content-wrapper center-align  tm-seperator-none  tm-heading-style-vertical\"><div class=\"tm-content-header\"><h2 class=\"tm-element-content-heading\">\n\t\t\t\tOur services\n\t\t\t<\/h2>\n\t\t<\/div><\/div>\t\t\t\t\t\t\t<\/div>\n\n\t\t\t<div class=\"themetechmount-boxes-row-wrapper row multi-columns-row\">\n\n\t\t\t<div class=\"tm-box-col-wrapper   col-lg-4 col-sm-6 col-md-4 col-xs-12\"><article class=\"themetechmount-box themetechmount-box-service themetechmount-servicebox-stylesix\">\n\t<div class=\"themetechmount-post-item\">\n\t\t<div class=\"item-figure\">\n\t\t\t<div class=\"tm-featured-wrapper tm-tm_service-featured-wrapper\"><a href=\"https:\/\/aymirturizm.com.tr\/en\/service\/kongre-toplanti-seminer-organizasyonlari\/\"><img loading=\"lazy\" decoding=\"async\" width=\"580\" height=\"305\" src=\"https:\/\/aymirturizm.com.tr\/wp-content\/uploads\/2022\/08\/01-580x305.jpg\" class=\"attachment-themetechmount-services4 size-themetechmount-services4 wp-post-image\" alt=\"\" srcset=\"https:\/\/aymirturizm.com.tr\/wp-content\/uploads\/2022\/08\/01-580x305.jpg 580w, https:\/\/aymirturizm.com.tr\/wp-content\/uploads\/2022\/08\/01-18x9.jpg 18w\" sizes=\"auto, (max-width: 580px) 100vw, 580px\" data-id=\"585\" \/><\/a><\/div>\t\n\t\t<\/div>\n\t\t<div class=\"tm-servicebox-detials\">\n\t\t\t<div class=\"item-content\">\n\t\t\t\t<div class=\"tm-box-icon\">\n\t\t\t\t\t\t\t\t\t<\/div>\n\t\t\t\t<div class=\"entry-header\">\n\t\t\t\t\t<div class=\"category_title\">\n\t\t\t\t\t\t\t\t\t\t\t<\/div>\n\t\t\t\t\t<div class=\"themetechmount-box-title\"><h4><a href=\"https:\/\/aymirturizm.com.tr\/en\/service\/kongre-toplanti-seminer-organizasyonlari\/\">Organizations of congresses, meetings and seminars<\/a><\/h4><\/div>\t\t\t\t<\/div>\n\t\t\t<\/div>\n\t\t<\/div>\n\t<\/div>\n<\/article><\/div><div class=\"tm-box-col-wrapper   col-lg-4 col-sm-6 col-md-4 col-xs-12\"><article class=\"themetechmount-box themetechmount-box-service themetechmount-servicebox-stylesix\">\n\t<div class=\"themetechmount-post-item\">\n\t\t<div class=\"item-figure\">\n\t\t\t<div class=\"tm-featured-wrapper tm-tm_service-featured-wrapper\"><a href=\"https:\/\/aymirturizm.com.tr\/en\/service\/ulusal-ve-uluslararasi-spor-organizasyonlari\/\"><img loading=\"lazy\" decoding=\"async\" width=\"580\" height=\"305\" src=\"https:\/\/aymirturizm.com.tr\/wp-content\/uploads\/2022\/08\/spor-org02-580x305.jpg\" class=\"attachment-themetechmount-services4 size-themetechmount-services4 wp-post-image\" alt=\"\" srcset=\"https:\/\/aymirturizm.com.tr\/wp-content\/uploads\/2022\/08\/spor-org02-580x305.jpg 580w, https:\/\/aymirturizm.com.tr\/wp-content\/uploads\/2022\/08\/spor-org02-18x9.jpg 18w\" sizes=\"auto, (max-width: 580px) 100vw, 580px\" data-id=\"656\" \/><\/a><\/div>\t\n\t\t<\/div>\n\t\t<div class=\"tm-servicebox-detials\">\n\t\t\t<div class=\"item-content\">\n\t\t\t\t<div class=\"tm-box-icon\">\n\t\t\t\t\t\t\t\t\t<\/div>\n\t\t\t\t<div class=\"entry-header\">\n\t\t\t\t\t<div class=\"category_title\">\n\t\t\t\t\t\t\t\t\t\t\t<\/div>\n\t\t\t\t\t<div class=\"themetechmount-box-title\"><h4><a href=\"https:\/\/aymirturizm.com.tr\/en\/service\/ulusal-ve-uluslararasi-spor-organizasyonlari\/\">National and international sports organizations<\/a><\/h4><\/div>\t\t\t\t<\/div>\n\t\t\t<\/div>\n\t\t<\/div>\n\t<\/div>\n<\/article><\/div><div class=\"tm-box-col-wrapper   col-lg-4 col-sm-6 col-md-4 col-xs-12\"><article class=\"themetechmount-box themetechmount-box-service themetechmount-servicebox-stylesix\">\n\t<div class=\"themetechmount-post-item\">\n\t\t<div class=\"item-figure\">\n\t\t\t<div class=\"tm-featured-wrapper tm-tm_service-featured-wrapper\"><a href=\"https:\/\/aymirturizm.com.tr\/en\/service\/ozel-yemek-ve-davet-organizasyonlari\/\"><img loading=\"lazy\" decoding=\"async\" width=\"580\" height=\"305\" src=\"https:\/\/aymirturizm.com.tr\/wp-content\/uploads\/2022\/08\/06-580x305.jpg\" class=\"attachment-themetechmount-services4 size-themetechmount-services4 wp-post-image\" alt=\"\" srcset=\"https:\/\/aymirturizm.com.tr\/wp-content\/uploads\/2022\/08\/06-580x305.jpg 580w, https:\/\/aymirturizm.com.tr\/wp-content\/uploads\/2022\/08\/06-18x9.jpg 18w\" sizes=\"auto, (max-width: 580px) 100vw, 580px\" data-id=\"590\" \/><\/a><\/div>\t\n\t\t<\/div>\n\t\t<div class=\"tm-servicebox-detials\">\n\t\t\t<div class=\"item-content\">\n\t\t\t\t<div class=\"tm-box-icon\">\n\t\t\t\t\t\t\t\t\t<\/div>\n\t\t\t\t<div class=\"entry-header\">\n\t\t\t\t\t<div class=\"category_title\">\n\t\t\t\t\t\t\t\t\t\t\t<\/div>\n\t\t\t\t\t<div class=\"themetechmount-box-title\"><h4><a href=\"https:\/\/aymirturizm.com.tr\/en\/service\/ozel-yemek-ve-davet-organizasyonlari\/\">Private dining and event organizations<\/a><\/h4><\/div>\t\t\t\t<\/div>\n\t\t\t<\/div>\n\t\t<\/div>\n\t<\/div>\n<\/article><\/div><div class=\"tm-box-col-wrapper   col-lg-4 col-sm-6 col-md-4 col-xs-12\"><article class=\"themetechmount-box themetechmount-box-service themetechmount-servicebox-stylesix\">\n\t<div class=\"themetechmount-post-item\">\n\t\t<div class=\"item-figure\">\n\t\t\t<div class=\"tm-featured-wrapper tm-tm_service-featured-wrapper\"><a href=\"https:\/\/aymirturizm.com.tr\/en\/service\/tip-kongreleri\/\"><img loading=\"lazy\" decoding=\"async\" width=\"580\" height=\"305\" src=\"https:\/\/aymirturizm.com.tr\/wp-content\/uploads\/2022\/08\/03-580x305.jpg\" class=\"attachment-themetechmount-services4 size-themetechmount-services4 wp-post-image\" alt=\"\" srcset=\"https:\/\/aymirturizm.com.tr\/wp-content\/uploads\/2022\/08\/03-580x305.jpg 580w, https:\/\/aymirturizm.com.tr\/wp-content\/uploads\/2022\/08\/03-18x9.jpg 18w\" sizes=\"auto, (max-width: 580px) 100vw, 580px\" data-id=\"587\" \/><\/a><\/div>\t\n\t\t<\/div>\n\t\t<div class=\"tm-servicebox-detials\">\n\t\t\t<div class=\"item-content\">\n\t\t\t\t<div class=\"tm-box-icon\">\n\t\t\t\t\t\t\t\t\t<\/div>\n\t\t\t\t<div class=\"entry-header\">\n\t\t\t\t\t<div class=\"category_title\">\n\t\t\t\t\t\t\t\t\t\t\t<\/div>\n\t\t\t\t\t<div class=\"themetechmount-box-title\"><h4><a href=\"https:\/\/aymirturizm.com.tr\/en\/service\/tip-kongreleri\/\">Medical Congresses<\/a><\/h4><\/div>\t\t\t\t<\/div>\n\t\t\t<\/div>\n\t\t<\/div>\n\t<\/div>\n<\/article><\/div><div class=\"tm-box-col-wrapper   col-lg-4 col-sm-6 col-md-4 col-xs-12\"><article class=\"themetechmount-box themetechmount-box-service themetechmount-servicebox-stylesix\">\n\t<div class=\"themetechmount-post-item\">\n\t\t<div class=\"item-figure\">\n\t\t\t<div class=\"tm-featured-wrapper tm-tm_service-featured-wrapper\"><a href=\"https:\/\/aymirturizm.com.tr\/en\/service\/acilis-ve-konser-organizasyonlari\/\"><img loading=\"lazy\" decoding=\"async\" width=\"580\" height=\"305\" src=\"https:\/\/aymirturizm.com.tr\/wp-content\/uploads\/2022\/08\/04-580x305.jpg\" class=\"attachment-themetechmount-services4 size-themetechmount-services4 wp-post-image\" alt=\"\" srcset=\"https:\/\/aymirturizm.com.tr\/wp-content\/uploads\/2022\/08\/04-580x305.jpg 580w, https:\/\/aymirturizm.com.tr\/wp-content\/uploads\/2022\/08\/04-18x9.jpg 18w\" sizes=\"auto, (max-width: 580px) 100vw, 580px\" data-id=\"588\" \/><\/a><\/div>\t\n\t\t<\/div>\n\t\t<div class=\"tm-servicebox-detials\">\n\t\t\t<div class=\"item-content\">\n\t\t\t\t<div class=\"tm-box-icon\">\n\t\t\t\t\t\t\t\t\t<\/div>\n\t\t\t\t<div class=\"entry-header\">\n\t\t\t\t\t<div class=\"category_title\">\n\t\t\t\t\t\t\t\t\t\t\t<\/div>\n\t\t\t\t\t<div class=\"themetechmount-box-title\"><h4><a href=\"https:\/\/aymirturizm.com.tr\/en\/service\/acilis-ve-konser-organizasyonlari\/\">Opening and concert organizations<\/a><\/h4><\/div>\t\t\t\t<\/div>\n\t\t\t<\/div>\n\t\t<\/div>\n\t<\/div>\n<\/article><\/div><div class=\"tm-box-col-wrapper   col-lg-4 col-sm-6 col-md-4 col-xs-12\"><article class=\"themetechmount-box themetechmount-box-service themetechmount-servicebox-stylesix\">\n\t<div class=\"themetechmount-post-item\">\n\t\t<div class=\"item-figure\">\n\t\t\t<div class=\"tm-featured-wrapper tm-tm_service-featured-wrapper\"><a href=\"https:\/\/aymirturizm.com.tr\/en\/service\/bayi-toplantilari\/\"><img loading=\"lazy\" decoding=\"async\" width=\"580\" height=\"305\" src=\"https:\/\/aymirturizm.com.tr\/wp-content\/uploads\/2022\/08\/08-580x305.jpg\" class=\"attachment-themetechmount-services4 size-themetechmount-services4 wp-post-image\" alt=\"\" srcset=\"https:\/\/aymirturizm.com.tr\/wp-content\/uploads\/2022\/08\/08-580x305.jpg 580w, https:\/\/aymirturizm.com.tr\/wp-content\/uploads\/2022\/08\/08-18x9.jpg 18w\" sizes=\"auto, (max-width: 580px) 100vw, 580px\" data-id=\"591\" \/><\/a><\/div>\t\n\t\t<\/div>\n\t\t<div class=\"tm-servicebox-detials\">\n\t\t\t<div class=\"item-content\">\n\t\t\t\t<div class=\"tm-box-icon\">\n\t\t\t\t\t\t\t\t\t<\/div>\n\t\t\t\t<div class=\"entry-header\">\n\t\t\t\t\t<div class=\"category_title\">\n\t\t\t\t\t\t\t\t\t\t\t<\/div>\n\t\t\t\t\t<div class=\"themetechmount-box-title\"><h4><a href=\"https:\/\/aymirturizm.com.tr\/en\/service\/bayi-toplantilari\/\">Dealers meetings<\/a><\/h4><\/div>\t\t\t\t<\/div>\n\t\t\t<\/div>\n\t\t<\/div>\n\t<\/div>\n<\/article><\/div><div class=\"tm-box-col-wrapper   col-lg-4 col-sm-6 col-md-4 col-xs-12\"><article class=\"themetechmount-box themetechmount-box-service themetechmount-servicebox-stylesix\">\n\t<div class=\"themetechmount-post-item\">\n\t\t<div class=\"item-figure\">\n\t\t\t<div class=\"tm-featured-wrapper tm-tm_service-featured-wrapper\"><a href=\"https:\/\/aymirturizm.com.tr\/en\/service\/vip-transfer-ve-arac-kiralama\/\"><img loading=\"lazy\" decoding=\"async\" width=\"580\" height=\"305\" src=\"https:\/\/aymirturizm.com.tr\/wp-content\/uploads\/2022\/08\/05-580x305.jpg\" class=\"attachment-themetechmount-services4 size-themetechmount-services4 wp-post-image\" alt=\"\" srcset=\"https:\/\/aymirturizm.com.tr\/wp-content\/uploads\/2022\/08\/05-580x305.jpg 580w, https:\/\/aymirturizm.com.tr\/wp-content\/uploads\/2022\/08\/05-18x9.jpg 18w\" sizes=\"auto, (max-width: 580px) 100vw, 580px\" data-id=\"589\" \/><\/a><\/div>\t\n\t\t<\/div>\n\t\t<div class=\"tm-servicebox-detials\">\n\t\t\t<div class=\"item-content\">\n\t\t\t\t<div class=\"tm-box-icon\">\n\t\t\t\t\t\t\t\t\t<\/div>\n\t\t\t\t<div class=\"entry-header\">\n\t\t\t\t\t<div class=\"category_title\">\n\t\t\t\t\t\t\t\t\t\t\t<\/div>\n\t\t\t\t\t<div class=\"themetechmount-box-title\"><h4><a href=\"https:\/\/aymirturizm.com.tr\/en\/service\/vip-transfer-ve-arac-kiralama\/\">VIP transfer and car rental<\/a><\/h4><\/div>\t\t\t\t<\/div>\n\t\t\t<\/div>\n\t\t<\/div>\n\t<\/div>\n<\/article><\/div><div class=\"tm-box-col-wrapper   col-lg-4 col-sm-6 col-md-4 col-xs-12\"><article class=\"themetechmount-box themetechmount-box-service themetechmount-servicebox-stylesix\">\n\t<div class=\"themetechmount-post-item\">\n\t\t<div class=\"item-figure\">\n\t\t\t<div class=\"tm-featured-wrapper tm-tm_service-featured-wrapper\"><a href=\"https:\/\/aymirturizm.com.tr\/en\/service\/tatil-tur-organizasyonlari\/\"><img loading=\"lazy\" decoding=\"async\" width=\"580\" height=\"305\" src=\"https:\/\/aymirturizm.com.tr\/wp-content\/uploads\/2022\/08\/09-580x305.jpg\" class=\"attachment-themetechmount-services4 size-themetechmount-services4 wp-post-image\" alt=\"\" srcset=\"https:\/\/aymirturizm.com.tr\/wp-content\/uploads\/2022\/08\/09-580x305.jpg 580w, https:\/\/aymirturizm.com.tr\/wp-content\/uploads\/2022\/08\/09-18x9.jpg 18w\" sizes=\"auto, (max-width: 580px) 100vw, 580px\" data-id=\"592\" \/><\/a><\/div>\t\n\t\t<\/div>\n\t\t<div class=\"tm-servicebox-detials\">\n\t\t\t<div class=\"item-content\">\n\t\t\t\t<div class=\"tm-box-icon\">\n\t\t\t\t\t\t\t\t\t<\/div>\n\t\t\t\t<div class=\"entry-header\">\n\t\t\t\t\t<div class=\"category_title\">\n\t\t\t\t\t\t\t\t\t\t\t<\/div>\n\t\t\t\t\t<div class=\"themetechmount-box-title\"><h4><a href=\"https:\/\/aymirturizm.com.tr\/en\/service\/tatil-tur-organizasyonlari\/\">Holiday - tour organizations<\/a><\/h4><\/div>\t\t\t\t<\/div>\n\t\t\t<\/div>\n\t\t<\/div>\n\t<\/div>\n<\/article><\/div><div class=\"tm-box-col-wrapper   col-lg-4 col-sm-6 col-md-4 col-xs-12\"><article class=\"themetechmount-box themetechmount-box-service themetechmount-servicebox-stylesix\">\n\t<div class=\"themetechmount-post-item\">\n\t\t<div class=\"item-figure\">\n\t\t\t<div class=\"tm-featured-wrapper tm-tm_service-featured-wrapper\"><a href=\"https:\/\/aymirturizm.com.tr\/en\/service\/ucak-bileti\/\"><img loading=\"lazy\" decoding=\"async\" width=\"580\" height=\"305\" src=\"https:\/\/aymirturizm.com.tr\/wp-content\/uploads\/2022\/08\/10-580x305.jpg\" class=\"attachment-themetechmount-services4 size-themetechmount-services4 wp-post-image\" alt=\"\" srcset=\"https:\/\/aymirturizm.com.tr\/wp-content\/uploads\/2022\/08\/10-580x305.jpg 580w, https:\/\/aymirturizm.com.tr\/wp-content\/uploads\/2022\/08\/10-18x9.jpg 18w\" sizes=\"auto, (max-width: 580px) 100vw, 580px\" data-id=\"584\" \/><\/a><\/div>\t\n\t\t<\/div>\n\t\t<div class=\"tm-servicebox-detials\">\n\t\t\t<div class=\"item-content\">\n\t\t\t\t<div class=\"tm-box-icon\">\n\t\t\t\t\t\t\t\t\t<\/div>\n\t\t\t\t<div class=\"entry-header\">\n\t\t\t\t\t<div class=\"category_title\">\n\t\t\t\t\t\t\t\t\t\t\t<\/div>\n\t\t\t\t\t<div class=\"themetechmount-box-title\"><h4><a href=\"https:\/\/aymirturizm.com.tr\/en\/service\/ucak-bileti\/\">Flight Ticket<\/a><\/h4><\/div>\t\t\t\t<\/div>\n\t\t\t<\/div>\n\t\t<\/div>\n\t<\/div>\n<\/article><\/div><div class=\"tm-box-col-wrapper   col-lg-4 col-sm-6 col-md-4 col-xs-12\"><article class=\"themetechmount-box themetechmount-box-service themetechmount-servicebox-stylesix\">\n\t<div class=\"themetechmount-post-item\">\n\t\t<div class=\"item-figure\">\n\t\t\t<div class=\"tm-featured-wrapper tm-tm_service-featured-wrapper\"><a href=\"https:\/\/aymirturizm.com.tr\/en\/service\/anlasmali-saglik-tesisleri\/\"><img loading=\"lazy\" decoding=\"async\" width=\"580\" height=\"305\" src=\"https:\/\/aymirturizm.com.tr\/wp-content\/uploads\/2022\/08\/anlasmali-kurumlar-580x305.jpg\" class=\"attachment-themetechmount-services4 size-themetechmount-services4 wp-post-image\" alt=\"\" srcset=\"https:\/\/aymirturizm.com.tr\/wp-content\/uploads\/2022\/08\/anlasmali-kurumlar-580x305.jpg 580w, https:\/\/aymirturizm.com.tr\/wp-content\/uploads\/2022\/08\/anlasmali-kurumlar-18x9.jpg 18w\" sizes=\"auto, (max-width: 580px) 100vw, 580px\" data-id=\"717\" \/><\/a><\/div>\t\n\t\t<\/div>\n\t\t<div class=\"tm-servicebox-detials\">\n\t\t\t<div class=\"item-content\">\n\t\t\t\t<div class=\"tm-box-icon\">\n\t\t\t\t\t\t\t\t\t<\/div>\n\t\t\t\t<div class=\"entry-header\">\n\t\t\t\t\t<div class=\"category_title\">\n\t\t\t\t\t\t\t\t\t\t\t<\/div>\n\t\t\t\t\t<div class=\"themetechmount-box-title\"><h4><a href=\"https:\/\/aymirturizm.com.tr\/en\/service\/anlasmali-saglik-tesisleri\/\">Anla\u015fmal\u0131 Sa\u011fl\u0131k Tesisleri<\/a><\/h4><\/div>\t\t\t\t<\/div>\n\t\t\t<\/div>\n\t\t<\/div>\n\t<\/div>\n<\/article><\/div>\n\t\t\t<\/div>\n\n\t\t\t<\/div><!-- .themetechmount-boxes-inner -->   <\/div><!-- .themetechmount-boxes -->  \t\t<\/div>\n\t\t\t\t<\/div>\n\t\t\t\t\t<\/div>\n\t\t<\/div>\n\t\t\t\t\t\t\t<\/div>\n\t\t<\/section>\n\t\t\t\t\t\t\t<\/div>","protected":false},"excerpt":{"rendered":"<p>Hizmetlerimiz Kongre Toplant\u0131 Seminer Organizasyonlar\u0131 Ulusal ve Uluslararas\u0131 Spor Organizasyonlar\u0131 \u00d6zel Yemek ve Davet Organizasyonlar\u0131 VIP Transfer ve Ara\u00e7 Kiralama T\u0131p Kongreleri Bayi Toplant\u0131lar\u0131 A\u00e7\u0131l\u0131\u015f ve Konser Organizasyonlar\u0131 Tatil &#8211; Tur Organizasyonlar\u0131 U\u00e7ak Bileti<\/p>","protected":false},"author":1,"featured_media":0,"parent":0,"menu_order":0,"comment_status":"closed","ping_status":"closed","template":"","meta":{"footnotes":""},"class_list":["post-221","page","type-page","status-publish","hentry"],"_links":{"self":[{"href":"https:\/\/aymirturizm.com.tr\/en\/wp-json\/wp\/v2\/pages\/221","targetHints":{"allow":["GET"]}}],"collection":[{"href":"https:\/\/aymirturizm.com.tr\/en\/wp-json\/wp\/v2\/pages"}],"about":[{"href":"https:\/\/aymirturizm.com.tr\/en\/wp-json\/wp\/v2\/types\/page"}],"author":[{"embeddable":true,"href":"https:\/\/aymirturizm.com.tr\/en\/wp-json\/wp\/v2\/users\/1"}],"replies":[{"embeddable":true,"href":"https:\/\/aymirturizm.com.tr\/en\/wp-json\/wp\/v2\/comments?post=221"}],"version-history":[{"count":8,"href":"https:\/\/aymirturizm.com.tr\/en\/wp-json\/wp\/v2\/pages\/221\/revisions"}],"predecessor-version":[{"id":740,"href":"https:\/\/aymirturizm.com.tr\/en\/wp-json\/wp\/v2\/pages\/221\/revisions\/740"}],"wp:attachment":[{"href":"https:\/\/aymirturizm.com.tr\/en\/wp-json\/wp\/v2\/media?parent=221"}],"curies":[{"name":"wp","href":"https:\/\/api.w.org\/{rel}","templated":true}]}}